{"id":1206,"date":"2022-02-21T15:21:29","date_gmt":"2022-02-21T15:21:29","guid":{"rendered":"http:\/\/alvorferias.com\/terms-and-conditions-2\/"},"modified":"2022-02-22T21:09:07","modified_gmt":"2022-02-22T21:09:07","slug":"politica-de-cookies","status":"publish","type":"page","link":"https:\/\/www.alvorferias.com\/pt-pt\/politica-de-cookies\/","title":{"rendered":"Alvorf\u00e9rias &#8211; Pol\u00edtica de Cookies"},"content":{"rendered":"\n<p>O <strong>Clube Alvor F\u00e9rias<\/strong> utiliza cookies no seu s\u00edtio na Internet. Saiba mais sem seguida.<\/p>\n\n<h2>O que s\u00e3o COOKIES?<\/h2>\n\n<p>Cookies s\u00e3o pequenos ficheiros de texto, que cont\u00eam um conjunto de informa\u00e7\u00f5es (vide abaixo), que s\u00e3o gravados no navegador (browser) do dispositivo utilizado para aceder a determinado s\u00edtio da Internet aquando de uma visita ao mesmo.<\/p>\n\n<h2>Para que servem Cookies?<\/h2>\n\n<p>Os detalhes armazenados est\u00e3o relacionados com suas prefer\u00eancias de navega\u00e7\u00e3o, n\u00e3o incluindo dados pessoais que permitam a sua identifica\u00e7\u00e3o. Entre a informa\u00e7\u00e3o pass\u00edvel de ser analisada atrav\u00e9s de cookies, encontra-se o endere\u00e7o de protocolo de Internet (IP), o sistema operativo e o respetivo navegador bem como a sua vers\u00e3o, as p\u00e1ginas do nosso s\u00edtio que tenha visualizado, a data, hora e dura\u00e7\u00e3o dessa visita, entre outros.<\/p>\n\n<p>Os detalhes gravados pelos cookies s\u00e3o reenviados ao servidor que aloja o s\u00edtio da Internet todas as vezes que o navegador acede ao mesmo.<\/p>\n\n<p>Os cookies permitem que um site personalize as informa\u00e7\u00f5es que lhe s\u00e3o apresentadas, com base nas suas prefer\u00eancias de navega\u00e7\u00e3o. O <strong>Clube Alvor F\u00e9rias<\/strong> tamb\u00e9m utiliza cookies para rastrear e analisar as visitas ao nosso site. Para o efeito, tem instalado o servi\u00e7o do Google\u00ae Analytics, um servi\u00e7o de terceiros, que processa dados n\u00e3o pessoais de navega\u00e7\u00e3o (<a href=\"https:\/\/policies.google.com\/technologies\/types?hl=pt-PT)\">https:\/\/policies.google.com\/technologies\/types?hl=pt-PT)<\/a>.<\/p>\n\n<p>As informa\u00e7\u00f5es recolhidas ajudam-nos a optimizar o conte\u00fado, navega\u00e7\u00e3o, layout e desempenho do site, para que possamos proporcionar um melhor servi\u00e7o.<\/p>\n\n<h2>Que tipos de cookies existem?<\/h2>\n\n<p>Os cookies pertencem a dois grupos: de sess\u00e3o e permanentes. Os primeiros, como o nome indica, sendo de sess\u00e3o, s\u00e3o tempor\u00e1rios, n\u00e3o cont\u00e9m data de expira\u00e7\u00e3o, ficando no navegador apenas at\u00e9 \u00e0 sa\u00edda do site, sendo eliminados quando encerra o navegador. Os segundos, permanentes, ficam armazenados no dispositivo at\u00e9 que sejam eliminados ou na expira\u00e7\u00e3o da respetiva data de validade.<\/p>\n\n<p>Conforme referido, em circunst\u00e2ncia alguma armazenaremos nos cookies informa\u00e7\u00f5es que permitam a sua identifica\u00e7\u00e3o pessoal. Do mesmo modo, n\u00e3o utilizamos cookies como forma de lhe mostrar publicidade.<\/p>\n\n<h2>Como gerir cookies?<\/h2>\n\n<p>Poder\u00e1 optar por n\u00e3o receber cookies, ou gerir os mesmos, acedendo \u00e0s configura\u00e7\u00f5es do seu navegador, geralmente patentes no separador \u201cOp\u00e7\u00f5es\u201d, \u201cPrefer\u00eancias\u201d, \u201cAvan\u00e7adas\u201d ou \u201cAjuda\u201d, por exemplo. No entanto, tal poder\u00e1 redundar em perda de funcionalidades do site.<\/p>\n\n<h2>Mais informa\u00e7\u00f5es<\/h2>\n\n<p>Para quaisquer quest\u00f5es relativas a esta <strong>Pol\u00edtica de Cookies<\/strong> e assuntos relacionados, ou para efetuar uma reclama\u00e7\u00e3o, \u00e9 favor contactar:<\/p>\n\n<p>A\/c Departamento de Privacidade<br\/>Turalvor<br\/>Clube Alvor F\u00e9rias, Galo Loiro, Lote 4<br\/>8500-032 Alvor PORTIM\u00c3O<br\/>tel.: <a href=\"tel:00351282430360\">+351 282 430 360<\/a><br\/>email: <a href=\"mailto:privacidade@alvorferias.com\">privacidade@alvorferias.com<\/a><\/p>\n\n<p>Caso pretenda saber mais sobre cookies, disponibilizamos a seguinte hiperliga\u00e7\u00e3o (textos redigidos em l\u00edngua inglesa): <a href=\"http:\/\/www.allaboutcookies.org\/\">http:\/\/www.allaboutcookies.org\/<\/a><\/p>\n\n<p><\/p>\n","protected":false},"excerpt":{"rendered":"<p>O Clube Alvor F\u00e9rias utiliza cookies no seu s\u00edtio na Internet. Saiba mais sem seguida. O que s\u00e3o COOKIES? Cookies s\u00e3o pequenos ficheiros de texto, que cont\u00eam um conjunto de informa\u00e7\u00f5es (vide abaixo), que s\u00e3o gravados no navegador (browser) do &hellip; <a href=\"https:\/\/www.alvorferias.com\/pt-pt\/politica-de-cookies\/\">Read More<\/a><\/p>\n","protected":false},"author":1,"featured_media":0,"parent":0,"menu_order":8,"comment_status":"closed","ping_status":"closed","template":"","meta":[],"_links":{"self":[{"href":"https:\/\/www.alvorferias.com\/pt-pt\/wp-json\/wp\/v2\/pages\/1206"}],"collection":[{"href":"https:\/\/www.alvorferias.com\/pt-pt\/wp-json\/wp\/v2\/pages"}],"about":[{"href":"https:\/\/www.alvorferias.com\/pt-pt\/wp-json\/wp\/v2\/types\/page"}],"author":[{"embeddable":true,"href":"https:\/\/www.alvorferias.com\/pt-pt\/wp-json\/wp\/v2\/users\/1"}],"replies":[{"embeddable":true,"href":"https:\/\/www.alvorferias.com\/pt-pt\/wp-json\/wp\/v2\/comments?post=1206"}],"version-history":[{"count":2,"href":"https:\/\/www.alvorferias.com\/pt-pt\/wp-json\/wp\/v2\/pages\/1206\/revisions"}],"predecessor-version":[{"id":1246,"href":"https:\/\/www.alvorferias.com\/pt-pt\/wp-json\/wp\/v2\/pages\/1206\/revisions\/1246"}],"wp:attachment":[{"href":"https:\/\/www.alvorferias.com\/pt-pt\/wp-json\/wp\/v2\/media?parent=1206"}],"curies":[{"name":"wp","href":"https:\/\/api.w.org\/{rel}","templated":true}]}}