{"id":1205,"date":"2022-02-17T16:18:45","date_gmt":"2022-02-17T16:18:45","guid":{"rendered":"http:\/\/alvorferias.com\/alvorferias-algarve\/"},"modified":"2022-02-22T18:12:58","modified_gmt":"2022-02-22T18:12:58","slug":"alvorferias-algarve","status":"publish","type":"page","link":"https:\/\/www.alvorferias.com\/pt-pt\/alvorferias-algarve\/","title":{"rendered":"Alvorf\u00e9rias &#8211; Algarve"},"content":{"rendered":"\t\t<div data-elementor-type=\"wp-page\" data-elementor-id=\"1205\" class=\"elementor elementor-1205 elementor-508\">\n\t\t\t\t\t\t<div class=\"elementor-inner\">\n\t\t\t\t<div class=\"elementor-section-wrap\">\n\t\t\t\t\t\t\t\t\t<section class=\"elementor-section elementor-top-section elementor-element elementor-element-50c017ce elementor-section-full_width elementor-section-height-min-height elementor-section-height-default elementor-section-items-middle\" data-id=\"50c017ce\" data-element_type=\"section\" data-settings=\"{&quot;background_background&quot;:&quot;classic&quot;}\">\n\t\t\t\t\t\t\t<div class=\"elementor-background-overlay\"><\/div>\n\t\t\t\t\t\t\t<div class=\"elementor-container elementor-column-gap-default\">\n\t\t\t\t\t\t\t<div class=\"elementor-row\">\n\t\t\t\t\t<div class=\"elementor-column elementor-col-100 elementor-top-column elementor-element elementor-element-4cb1df7a\" data-id=\"4cb1df7a\" data-element_type=\"column\">\n\t\t\t<div class=\"elementor-column-wrap elementor-element-populated\">\n\t\t\t\t\t\t\t<div class=\"elementor-widget-wrap\">\n\t\t\t\t\t\t<div class=\"elementor-element elementor-element-26364dce elementor-widget elementor-widget-spacer\" data-id=\"26364dce\" data-element_type=\"widget\" data-widget_type=\"spacer.default\">\n\t\t\t\t<div class=\"elementor-widget-container\">\n\t\t\t\t\t<div class=\"elementor-spacer\">\n\t\t\t<div class=\"elementor-spacer-inner\"><\/div>\n\t\t<\/div>\n\t\t\t\t<\/div>\n\t\t\t\t<\/div>\n\t\t\t\t<div class=\"elementor-element elementor-element-5f7ae3d elementor-view-default elementor-position-top elementor-invisible elementor-widget elementor-widget-themo-header\" data-id=\"5f7ae3d\" data-element_type=\"widget\" data-settings=\"{&quot;_animation&quot;:&quot;fadeIn&quot;}\" data-widget_type=\"themo-header.default\">\n\t\t\t\t<div class=\"elementor-widget-container\">\n\t\t\t\t\t<div class=\"th-header-wrap\">\n        <div class=\"elementor-icon-box-wrapper \">\n                            <div class=\"elementor-icon-box-content\">\n                    <h1 class=\"elementor-icon-box-title\">\n                        Algarve                    <\/h1>\n                                        <p class=\"elementor-icon-box-description\">j\u00f3ia mediterr\u00e2nea<\/p>\n\n                                    <\/div>\n            <\/div>\n\n        <\/div>\n\n\t\t\t\t<\/div>\n\t\t\t\t<\/div>\n\t\t\t\t\t\t<\/div>\n\t\t\t\t\t<\/div>\n\t\t<\/div>\n\t\t\t\t\t\t\t\t<\/div>\n\t\t\t\t\t<\/div>\n\t\t<\/section>\n\t\t\t\t<section class=\"elementor-section elementor-top-section elementor-element elementor-element-178989d9 elementor-section-boxed elementor-section-height-default elementor-section-height-default\" data-id=\"178989d9\" data-element_type=\"section\">\n\t\t\t\t\t\t<div class=\"elementor-container elementor-column-gap-default\">\n\t\t\t\t\t\t\t<div class=\"elementor-row\">\n\t\t\t\t\t<div class=\"elementor-column elementor-col-100 elementor-top-column elementor-element elementor-element-2f9df1f1\" data-id=\"2f9df1f1\" data-element_type=\"column\">\n\t\t\t<div class=\"elementor-column-wrap elementor-element-populated\">\n\t\t\t\t\t\t\t<div class=\"elementor-widget-wrap\">\n\t\t\t\t\t\t<div class=\"elementor-element elementor-element-f415d19 elementor-view-default elementor-position-top elementor-widget elementor-widget-themo-header\" data-id=\"f415d19\" data-element_type=\"widget\" data-widget_type=\"themo-header.default\">\n\t\t\t\t<div class=\"elementor-widget-container\">\n\t\t\t\t\t<div class=\"th-header-wrap\">\n        <div class=\"elementor-icon-box-wrapper \">\n                            <div class=\"elementor-icon-box-content\">\n                    <h2 class=\"elementor-icon-box-title\">\n                        Vis\u00e3o geral                    <\/h2>\n                                            <span class=\"th-header-divider\"><\/span>\n                                        <p class=\"elementor-icon-box-description\"><\/p>\n\n                                    <\/div>\n            <\/div>\n\n        <\/div>\n\n\t\t\t\t<\/div>\n\t\t\t\t<\/div>\n\t\t\t\t<div class=\"elementor-element elementor-element-332ba9d elementor-widget elementor-widget-text-editor\" data-id=\"332ba9d\" data-element_type=\"widget\" data-widget_type=\"text-editor.default\">\n\t\t\t\t<div class=\"elementor-widget-container\">\n\t\t\t\t\t\t\t\t<div class=\"elementor-text-editor elementor-clearfix\">\n\t\t\t\t<p>O Algarve \u00e9 uma das regi\u00f5es tur\u00edsticas mais importantes de Portugal e da Europa. Seu clima temperado mediterr\u00e2neo, caracterizado por invernos amenos curtos e ver\u00f5es longos quentes e secos. As \u00e1guas mornas e calmas que banham a sua costa sul, as suas paisagens naturais, hist\u00f3ricas e etnogr\u00e1ficas e a gastronomia deliciosa e saud\u00e1vel s\u00e3o atributos que atraem todos os anos milh\u00f5es de turistas nacionais e estrangeiros, e isso faz do Algarve uma das regi\u00f5es mais desenvolvidas do pa\u00eds .<\/p>\n<p><\/p>\n<p>Atualmente, o turismo \u00e9 o motor econ\u00f3mico do Algarve. A antiga prov\u00edncia tradicional tem algumas das melhores praias do Sul da Europa e oferece condi\u00e7\u00f5es excecionais para a pr\u00e1tica de desportos ao ar livre e outras atividades.<\/p>\n<p>O Algarve \u00e9 a terceira regi\u00e3o mais rica do pa\u00eds, com um PIB per capita de 87% (m\u00e9dia da UE). Ocupa uma \u00e1rea de 5.412 km2 e reside 434 023 habitantes (2009).<\/p>\n\t\t\t\t\t<\/div>\n\t\t\t\t\t\t<\/div>\n\t\t\t\t<\/div>\n\t\t\t\t<div class=\"elementor-element elementor-element-006b0a6 elementor-widget elementor-widget-spacer\" data-id=\"006b0a6\" data-element_type=\"widget\" data-widget_type=\"spacer.default\">\n\t\t\t\t<div class=\"elementor-widget-container\">\n\t\t\t\t\t<div class=\"elementor-spacer\">\n\t\t\t<div class=\"elementor-spacer-inner\"><\/div>\n\t\t<\/div>\n\t\t\t\t<\/div>\n\t\t\t\t<\/div>\n\t\t\t\t<div class=\"elementor-element elementor-element-a16e2cd elementor-view-default elementor-position-top elementor-widget elementor-widget-themo-header\" data-id=\"a16e2cd\" data-element_type=\"widget\" data-widget_type=\"themo-header.default\">\n\t\t\t\t<div class=\"elementor-widget-container\">\n\t\t\t\t\t<div class=\"th-header-wrap\">\n        <div class=\"elementor-icon-box-wrapper \">\n                            <div class=\"elementor-icon-box-content\">\n                    <h2 class=\"elementor-icon-box-title\">\n                        Geografia                    <\/h2>\n                                            <span class=\"th-header-divider\"><\/span>\n                                        <p class=\"elementor-icon-box-description\"><\/p>\n\n                                    <\/div>\n            <\/div>\n\n        <\/div>\n\n\t\t\t\t<\/div>\n\t\t\t\t<\/div>\n\t\t\t\t<div class=\"elementor-element elementor-element-194c814 elementor-widget elementor-widget-text-editor\" data-id=\"194c814\" data-element_type=\"widget\" data-widget_type=\"text-editor.default\">\n\t\t\t\t<div class=\"elementor-widget-container\">\n\t\t\t\t\t\t\t\t<div class=\"elementor-text-editor elementor-clearfix\">\n\t\t\t\t<p>O Algarve \u00e9 limitado pelo Alentejo a Norte, a Sul e a Oeste pelo Oceano Atl\u00e2ntico, e a Este pelo rio Guadiana que faz fronteira com Espanha. O ponto mais alto situa-se na Serra de Monchique, com uma altitude m\u00e1xima de 902 metros (Pico da Foia).<\/p>\n\t\t\t\t\t<\/div>\n\t\t\t\t\t\t<\/div>\n\t\t\t\t<\/div>\n\t\t\t\t<div class=\"elementor-element elementor-element-3a354a0 elementor-widget elementor-widget-spacer\" data-id=\"3a354a0\" data-element_type=\"widget\" data-widget_type=\"spacer.default\">\n\t\t\t\t<div class=\"elementor-widget-container\">\n\t\t\t\t\t<div class=\"elementor-spacer\">\n\t\t\t<div class=\"elementor-spacer-inner\"><\/div>\n\t\t<\/div>\n\t\t\t\t<\/div>\n\t\t\t\t<\/div>\n\t\t\t\t<div class=\"elementor-element elementor-element-0429272 elementor-view-default elementor-position-top elementor-widget elementor-widget-themo-header\" data-id=\"0429272\" data-element_type=\"widget\" data-widget_type=\"themo-header.default\">\n\t\t\t\t<div class=\"elementor-widget-container\">\n\t\t\t\t\t<div class=\"th-header-wrap\">\n        <div class=\"elementor-icon-box-wrapper \">\n                            <div class=\"elementor-icon-box-content\">\n                    <h2 class=\"elementor-icon-box-title\">\n                        Turismo                    <\/h2>\n                                            <span class=\"th-header-divider\"><\/span>\n                                        <p class=\"elementor-icon-box-description\"><\/p>\n\n                                    <\/div>\n            <\/div>\n\n        <\/div>\n\n\t\t\t\t<\/div>\n\t\t\t\t<\/div>\n\t\t\t\t<div class=\"elementor-element elementor-element-48f8477 elementor-widget elementor-widget-text-editor\" data-id=\"48f8477\" data-element_type=\"widget\" data-widget_type=\"text-editor.default\">\n\t\t\t\t<div class=\"elementor-widget-container\">\n\t\t\t\t\t\t\t\t<div class=\"elementor-text-editor elementor-clearfix\">\n\t\t\t\t<p>O turismo \u00e9 a principal atividade econ\u00f3mica da regi\u00e3o do Algarve, proporcionando um crescimento econ\u00f3mico not\u00e1vel. Gra\u00e7as ao apelo do clima e \u00e0 melhoria das condi\u00e7\u00f5es de vida, o Algarve \u00e9 a \u00fanica zona do pa\u00eds, fora de Lisboa e do Porto, a registar um crescimento populacional.<\/p>\n<p>O Aeroporto Internacional de Faro, situa-se na capital da regi\u00e3o e foi inaugurado em 1965. Este foi um grande impulso para o Algarve como est\u00e2ncia balnear a n\u00edvel internacional. O Algarve tem belas praias e paisagens naturais, que aliadas ao clima temperado mediterr\u00e2nico tornam a prov\u00edncia mais visitada de Portugal.<br \/>\nHoje, as liga\u00e7\u00f5es rodovi\u00e1rias fazem com que o Algarve esteja a menos de uma hora de viagem do aeroporto. Atualmente o aeroporto \u00e9 o segundo mais movimentado de Portugal, tendo transportado 5,5 milh\u00f5es de passageiros em 2007.<\/p>\n<p>A maioria dos turistas vem de Portugal, Espanha; Reino Unido, Alemanha, Holanda e Irlanda, mas tamb\u00e9m h\u00e1 uma forte presen\u00e7a de franceses e escandinavos.<\/p>\n<p>Embora a grande procura tur\u00edstica se deva principalmente \u00e0s f\u00e9rias, os eventos desportivos dos \u00faltimos anos t\u00eam contribu\u00eddo para um aumento significativo de visitantes.<\/p>\n<p>Durante o Ver\u00e3o o Algarve triplica a sua popula\u00e7\u00e3o, 2,2 milh\u00f5es em 2010 visitaram o Algarve.<\/p>\n\t\t\t\t\t<\/div>\n\t\t\t\t\t\t<\/div>\n\t\t\t\t<\/div>\n\t\t\t\t<div class=\"elementor-element elementor-element-14e14f6 elementor-widget elementor-widget-spacer\" data-id=\"14e14f6\" data-element_type=\"widget\" data-widget_type=\"spacer.default\">\n\t\t\t\t<div class=\"elementor-widget-container\">\n\t\t\t\t\t<div class=\"elementor-spacer\">\n\t\t\t<div class=\"elementor-spacer-inner\"><\/div>\n\t\t<\/div>\n\t\t\t\t<\/div>\n\t\t\t\t<\/div>\n\t\t\t\t<div class=\"elementor-element elementor-element-cd3567b elementor-view-default elementor-position-top elementor-widget elementor-widget-themo-header\" data-id=\"cd3567b\" data-element_type=\"widget\" data-widget_type=\"themo-header.default\">\n\t\t\t\t<div class=\"elementor-widget-container\">\n\t\t\t\t\t<div class=\"th-header-wrap\">\n        <div class=\"elementor-icon-box-wrapper \">\n                            <div class=\"elementor-icon-box-content\">\n                    <h2 class=\"elementor-icon-box-title\">\n                        Clima                    <\/h2>\n                                            <span class=\"th-header-divider\"><\/span>\n                                        <p class=\"elementor-icon-box-description\"><\/p>\n\n                                    <\/div>\n            <\/div>\n\n        <\/div>\n\n\t\t\t\t<\/div>\n\t\t\t\t<\/div>\n\t\t\t\t<div class=\"elementor-element elementor-element-6421f76 elementor-widget elementor-widget-text-editor\" data-id=\"6421f76\" data-element_type=\"widget\" data-widget_type=\"text-editor.default\">\n\t\t\t\t<div class=\"elementor-widget-container\">\n\t\t\t\t\t\t\t\t<div class=\"elementor-text-editor elementor-clearfix\">\n\t\t\t\t<p>Um conjunto de caracter\u00edsticas b\u00e1sicas resume o clima da regi\u00e3o: ver\u00f5es quentes, invernos amenos e chuvas curtas, concentradas no outono e no inverno.<\/p>\n<p>A precipita\u00e7\u00e3o concentra-se principalmente entre outubro e fevereiro, e muitas vezes \u00e9 de car\u00e1ter torrencial. As m\u00e9dias anuais s\u00e3o inferiores a 600 mm em grande parte da costa e no Vale do Guadiana, e ultrapassam os 800 mm na Serra do Caldeir\u00e3o e os 1000 mm na Serra de Monchique. Na regi\u00e3o costeira h\u00e1 5 meses secos, e entre junho e setembro a chuva \u00e9 muito rara.<br \/>\nMar\u00e7o e abril t\u00eam chuvas ocasionais, mas principalmente ensolarados, dias quentes 18-20\u00ba com noites frescas. A partir de meados de maio, a chuva \u00e9 incomum, e longos dias ensolarados e noites quentes e leves s\u00e3o a norma.<\/p>\n<p>Junho \u00e9 um m\u00eas seco, com m\u00e9dias pluviom\u00e9tricas inferiores a 10mm e temperaturas m\u00e9dias entre 16\u00baC e 26\u00ba.<\/p>\n<p>Julho e agosto s\u00e3o os dois meses mais quentes e o ano mais seco. A chuva \u00e9 um evento raro. As temperaturas m\u00e9dias variam entre 17\/19\u00baC e 28\/30\u00baC.<\/p>\n<p>Setembro ainda \u00e9 ver\u00e3o. As temperaturas oscilam entre 16\/18\u00baC e 26\/29\u00baC. Por vezes as primeiras chuvas do Outono podem ocorrer no final de Setembro, por esta raz\u00e3o, a precipita\u00e7\u00e3o m\u00e9dia deste m\u00eas ronda os 15mm. Dentro<\/p>\n<p>As temperaturas de outubro variam entre 13\/16\u00baC e 23\/25\u00baC. As chuvas que caem para este m\u00eas s\u00e3o muitas vezes de car\u00e1ter torrencial: durante apenas um dia pode-se acumular uma parte substancial do total de chuvas do m\u00eas, ap\u00f3s v\u00e1rios dias de sol e c\u00e9u limpo. A precipita\u00e7\u00e3o m\u00e9dia de outubro \u00e9 de cerca de 45\/70 mm.<\/p>\n<p>Novembro \u00e9 o segundo m\u00eas mais chuvoso do ano, com uma precipita\u00e7\u00e3o m\u00e9dia em torno de 75\/90mm, concentrada principalmente em poucos dias. As temperaturas caem ligeiramente durante este m\u00eas, variando entre 10\/12\u00baC &#8211; 18\/21\u00baC.<\/p>\n<p>Janeiro \u00e9 o m\u00eas com temperaturas menos elevadas no ano: regra geral estas variam entre 6\/8\u00baC &#8211; 15\/17\u00baC. A precipita\u00e7\u00e3o m\u00e9dia \u00e9 de cerca de 70\/80mm.<\/p>\n<p>Em fevereiro as temperaturas oscilam entre 7\/9\u00baC e 16\/18\u00baC e a precipita\u00e7\u00e3o m\u00e9dia ronda os 45 a 70mm. Flores silvestres e amendoeiras s\u00e3o lindas nesta \u00e9poca do ano.<\/p>\n\t\t\t\t\t<\/div>\n\t\t\t\t\t\t<\/div>\n\t\t\t\t<\/div>\n\t\t\t\t<div class=\"elementor-element elementor-element-11773a8 elementor-widget elementor-widget-spacer\" data-id=\"11773a8\" data-element_type=\"widget\" data-widget_type=\"spacer.default\">\n\t\t\t\t<div class=\"elementor-widget-container\">\n\t\t\t\t\t<div class=\"elementor-spacer\">\n\t\t\t<div class=\"elementor-spacer-inner\"><\/div>\n\t\t<\/div>\n\t\t\t\t<\/div>\n\t\t\t\t<\/div>\n\t\t\t\t\t\t<\/div>\n\t\t\t\t\t<\/div>\n\t\t<\/div>\n\t\t\t\t\t\t\t\t<\/div>\n\t\t\t\t\t<\/div>\n\t\t<\/section>\n\t\t\t\t<section class=\"elementor-section elementor-top-section elementor-element elementor-element-26fdd7f2 elementor-section-boxed elementor-section-height-default elementor-section-height-default\" data-id=\"26fdd7f2\" data-element_type=\"section\" data-settings=\"{&quot;background_background&quot;:&quot;gradient&quot;}\">\n\t\t\t\t\t\t<div class=\"elementor-container elementor-column-gap-wider\">\n\t\t\t\t\t\t\t<div class=\"elementor-row\">\n\t\t\t\t\t<div class=\"elementor-column elementor-col-100 elementor-top-column elementor-element elementor-element-34bc764e\" data-id=\"34bc764e\" data-element_type=\"column\">\n\t\t\t<div class=\"elementor-column-wrap elementor-element-populated\">\n\t\t\t\t\t\t\t<div class=\"elementor-widget-wrap\">\n\t\t\t\t\t\t<div class=\"elementor-element elementor-element-aaf34be elementor-widget elementor-widget-themo-testimonial\" data-id=\"aaf34be\" data-element_type=\"widget\" data-widget_type=\"themo-testimonial.default\">\n\t\t\t\t<div class=\"elementor-widget-container\">\n\t\t\t        \n\t\t<div class=\"elementor-testimonial-wrapper th-testimonial-w th-txt-md elementor-testimonial-text-align-center\">\n\n            \n\t\t\t\t\t\t\t<div class=\"elementor-testimonial-content\">O apartamento era grande, muito limpo e tinha tudo o que precis\u00e1vamos para a nossa estadia. A equipe do hotel foi amig\u00e1vel, acolhedora e feliz em ajudar com quaisquer perguntas. A piscina \u00e9 excepcionalmente limpa e bem conservada com espregui\u00e7adeiras suficientes para dar a volta, embora eu imagine que poderia ser dif\u00edcil nos hor\u00e1rios de pico.<\/div>\n\t\t\t\n            <div class=\"th-star-rating th-star-40\">\n<span class=\"th-star-1 fa\"><\/span>\n<span class=\"th-star-2 fa\"><\/span>\n<span class=\"th-star-3 fa\"><\/span>\n<span class=\"th-star-4 fa\"><\/span>\n<span class=\"th-star-5 fa\"><\/span>\n<\/div>\n\t\t\t\n                    <div class=\"elementor-testimonial-meta\">\n\n\t\t\t\t<div class=\"elementor-testimonial-meta-inner\">\n                    \n\t\t\t\t\t\t\t\t\t\t<div class=\"elementor-testimonial-details\">\n\t\t\t\t\t\t\t\t\t\t\t\t\t<div class=\"elementor-testimonial-name\">1204dawn<\/div>\n\t\t\t\t\t\t\n\t\t\t\t\t\t\t\t\t\t\t<\/div>\n\t\t\t\t\t\t\t\t\t<\/div>\n\t\t\t<\/div>\n\t\t\t\t\t<\/div>\n\t\t\t<\/div>\n\t\t\t\t<\/div>\n\t\t\t\t\t\t<\/div>\n\t\t\t\t\t<\/div>\n\t\t<\/div>\n\t\t\t\t\t\t\t\t<\/div>\n\t\t\t\t\t<\/div>\n\t\t<\/section>\n\t\t\t\t<section class=\"elementor-section elementor-top-section elementor-element elementor-element-176d0273 elementor-section-boxed elementor-section-height-default elementor-section-height-default\" data-id=\"176d0273\" data-element_type=\"section\" data-settings=\"{&quot;background_background&quot;:&quot;classic&quot;}\">\n\t\t\t\t\t\t<div class=\"elementor-container elementor-column-gap-default\">\n\t\t\t\t\t\t\t<div class=\"elementor-row\">\n\t\t\t\t\t<div class=\"elementor-column elementor-col-100 elementor-top-column elementor-element elementor-element-a5bda55\" data-id=\"a5bda55\" data-element_type=\"column\">\n\t\t\t<div class=\"elementor-column-wrap elementor-element-populated\">\n\t\t\t\t\t\t\t<div class=\"elementor-widget-wrap\">\n\t\t\t\t\t\t<section class=\"elementor-section elementor-inner-section elementor-element elementor-element-36ec38a6 elementor-section-boxed elementor-section-height-default elementor-section-height-default\" data-id=\"36ec38a6\" data-element_type=\"section\">\n\t\t\t\t\t\t<div class=\"elementor-container elementor-column-gap-default\">\n\t\t\t\t\t\t\t<div class=\"elementor-row\">\n\t\t\t\t\t<div class=\"elementor-column elementor-col-100 elementor-inner-column elementor-element elementor-element-673010e6\" data-id=\"673010e6\" data-element_type=\"column\">\n\t\t\t<div class=\"elementor-column-wrap elementor-element-populated\">\n\t\t\t\t\t\t\t<div class=\"elementor-widget-wrap\">\n\t\t\t\t\t\t<div class=\"elementor-element elementor-element-861c527 elementor-widget elementor-widget-heading\" data-id=\"861c527\" data-element_type=\"widget\" data-widget_type=\"heading.default\">\n\t\t\t\t<div class=\"elementor-widget-container\">\n\t\t\t<h4 class=\"elementor-heading-title elementor-size-default\">Ver mais no tripadvisor<\/h4>\t\t<\/div>\n\t\t\t\t<\/div>\n\t\t\t\t<div class=\"elementor-element elementor-element-7e3e2792 elementor-widget elementor-widget-image\" data-id=\"7e3e2792\" data-element_type=\"widget\" data-widget_type=\"image.default\">\n\t\t\t\t<div class=\"elementor-widget-container\">\n\t\t\t\t\t\t\t\t<div class=\"elementor-image\">\n\t\t\t\t\t\t\t\t\t\t\t\t\t<a href=\"https:\/\/www.tripadvisor.pt\/Hotel_Review-g642199-d499071-Reviews-Alvorferias_Club-Alvor_Portimao_Faro_District_Algarve.html\">\n\t\t\t\t\t\t\t<img data-rjs=\"2\" width=\"150\" height=\"80\" src=\"https:\/\/www.alvorferias.com\/wp-content\/uploads\/2017\/12\/brands-tripadvisor-70-1.png\" class=\"attachment-th_img_xs size-th_img_xs wp-image-1015\" alt=\"\" loading=\"lazy\" \/>\t\t\t\t\t\t\t\t<\/a>\n\t\t\t\t\t\t\t\t\t\t\t\t\t\t<\/div>\n\t\t\t\t\t\t<\/div>\n\t\t\t\t<\/div>\n\t\t\t\t\t\t<\/div>\n\t\t\t\t\t<\/div>\n\t\t<\/div>\n\t\t\t\t\t\t\t\t<\/div>\n\t\t\t\t\t<\/div>\n\t\t<\/section>\n\t\t\t\t\t\t<\/div>\n\t\t\t\t\t<\/div>\n\t\t<\/div>\n\t\t\t\t\t\t\t\t<\/div>\n\t\t\t\t\t<\/div>\n\t\t<\/section>\n\t\t\t\t<section class=\"elementor-section elementor-top-section elementor-element elementor-element-18ae0b1e elementor-section-boxed elementor-section-height-default elementor-section-height-default\" data-id=\"18ae0b1e\" data-element_type=\"section\">\n\t\t\t\t\t\t<div class=\"elementor-container elementor-column-gap-default\">\n\t\t\t\t\t\t\t<div class=\"elementor-row\">\n\t\t\t\t\t<div class=\"elementor-column elementor-col-100 elementor-top-column elementor-element elementor-element-4b337875\" data-id=\"4b337875\" data-element_type=\"column\">\n\t\t\t<div class=\"elementor-column-wrap elementor-element-populated\">\n\t\t\t\t\t\t\t<div class=\"elementor-widget-wrap\">\n\t\t\t\t\t\t<div class=\"elementor-element elementor-element-6c01981d elementor-widget elementor-widget-heading\" data-id=\"6c01981d\" data-element_type=\"widget\" data-widget_type=\"heading.default\">\n\t\t\t\t<div class=\"elementor-widget-container\">\n\t\t\t<h2 class=\"elementor-heading-title elementor-size-default\">A NOSSA <span style=\"color:#2c9bd8;\">LOCALIZA\u00c7\u00c3O<\/span><\/h2>\t\t<\/div>\n\t\t\t\t<\/div>\n\t\t\t\t\t\t<\/div>\n\t\t\t\t\t<\/div>\n\t\t<\/div>\n\t\t\t\t\t\t\t\t<\/div>\n\t\t\t\t\t<\/div>\n\t\t<\/section>\n\t\t\t\t<section class=\"elementor-section elementor-top-section elementor-element elementor-element-1b47c23e elementor-section-boxed elementor-section-height-default elementor-section-height-default\" data-id=\"1b47c23e\" data-element_type=\"section\">\n\t\t\t\t\t\t<div class=\"elementor-container elementor-column-gap-default\">\n\t\t\t\t\t\t\t<div class=\"elementor-row\">\n\t\t\t\t\t<div class=\"elementor-column elementor-col-100 elementor-top-column elementor-element elementor-element-615167e9\" data-id=\"615167e9\" data-element_type=\"column\">\n\t\t\t<div class=\"elementor-column-wrap elementor-element-populated\">\n\t\t\t\t\t\t\t<div class=\"elementor-widget-wrap\">\n\t\t\t\t\t\t<div class=\"elementor-element elementor-element-7a02e4e6 elementor-widget elementor-widget-google_maps\" data-id=\"7a02e4e6\" data-element_type=\"widget\" data-widget_type=\"google_maps.default\">\n\t\t\t\t<div class=\"elementor-widget-container\">\n\t\t\t\t\t<div class=\"elementor-custom-embed\">\n\t\t\t<iframe loading=\"lazy\"\n\t\t\t\t\tsrc=\"https:\/\/maps.google.com\/maps?q=Clube%20Alvorf%C3%A9rias%20-%20Apartamentos%20Tur%C3%ADsticos&#038;t=m&#038;z=12&#038;output=embed&#038;iwloc=near\"\n\t\t\t\t\ttitle=\"Clube Alvorf\u00e9rias - Apartamentos Tur\u00edsticos\"\n\t\t\t\t\taria-label=\"Clube Alvorf\u00e9rias - Apartamentos Tur\u00edsticos\"\n\t\t\t><\/iframe>\n\t\t<\/div>\n\t\t\t\t<\/div>\n\t\t\t\t<\/div>\n\t\t\t\t\t\t<\/div>\n\t\t\t\t\t<\/div>\n\t\t<\/div>\n\t\t\t\t\t\t\t\t<\/div>\n\t\t\t\t\t<\/div>\n\t\t<\/section>\n\t\t\t\t\t\t\t\t\t<\/div>\n\t\t\t<\/div>\n\t\t\t\t\t<\/div>\n\t\t","protected":false},"excerpt":{"rendered":"<p>Algarve j\u00f3ia mediterr\u00e2nea Vis\u00e3o geral O Algarve \u00e9 uma das regi\u00f5es tur\u00edsticas mais importantes de Portugal e da Europa. Seu clima temperado mediterr\u00e2neo, caracterizado por invernos amenos curtos e ver\u00f5es longos quentes e secos. As \u00e1guas mornas e calmas que &hellip; <a href=\"https:\/\/www.alvorferias.com\/pt-pt\/alvorferias-algarve\/\">Read More<\/a><\/p>\n","protected":false},"author":1,"featured_media":0,"parent":0,"menu_order":8,"comment_status":"closed","ping_status":"closed","template":"","meta":[],"_links":{"self":[{"href":"https:\/\/www.alvorferias.com\/pt-pt\/wp-json\/wp\/v2\/pages\/1205"}],"collection":[{"href":"https:\/\/www.alvorferias.com\/pt-pt\/wp-json\/wp\/v2\/pages"}],"about":[{"href":"https:\/\/www.alvorferias.com\/pt-pt\/wp-json\/wp\/v2\/types\/page"}],"author":[{"embeddable":true,"href":"https:\/\/www.alvorferias.com\/pt-pt\/wp-json\/wp\/v2\/users\/1"}],"replies":[{"embeddable":true,"href":"https:\/\/www.alvorferias.com\/pt-pt\/wp-json\/wp\/v2\/comments?post=1205"}],"version-history":[{"count":2,"href":"https:\/\/www.alvorferias.com\/pt-pt\/wp-json\/wp\/v2\/pages\/1205\/revisions"}],"predecessor-version":[{"id":1244,"href":"https:\/\/www.alvorferias.com\/pt-pt\/wp-json\/wp\/v2\/pages\/1205\/revisions\/1244"}],"wp:attachment":[{"href":"https:\/\/www.alvorferias.com\/pt-pt\/wp-json\/wp\/v2\/media?parent=1205"}],"curies":[{"name":"wp","href":"https:\/\/api.w.org\/{rel}","templated":true}]}}