{"id":1203,"date":"2022-02-17T16:11:45","date_gmt":"2022-02-17T16:11:45","guid":{"rendered":"http:\/\/alvorferias.com\/alvorferias-food-and-drink\/"},"modified":"2022-02-22T21:08:06","modified_gmt":"2022-02-22T21:08:06","slug":"alvorferias-gastronomia","status":"publish","type":"page","link":"https:\/\/www.alvorferias.com\/pt-pt\/alvorferias-gastronomia\/","title":{"rendered":"Alvorf\u00e9rias &#8211; Gastronomia"},"content":{"rendered":"\t\t<div data-elementor-type=\"wp-page\" data-elementor-id=\"1203\" class=\"elementor elementor-1203 elementor-498\">\n\t\t\t\t\t\t<div class=\"elementor-inner\">\n\t\t\t\t<div class=\"elementor-section-wrap\">\n\t\t\t\t\t\t\t\t\t<section class=\"elementor-section elementor-top-section elementor-element elementor-element-50c017ce elementor-section-full_width elementor-section-height-min-height elementor-section-height-default elementor-section-items-middle\" data-id=\"50c017ce\" data-element_type=\"section\" data-settings=\"{&quot;background_background&quot;:&quot;classic&quot;}\">\n\t\t\t\t\t\t\t<div class=\"elementor-background-overlay\"><\/div>\n\t\t\t\t\t\t\t<div class=\"elementor-container elementor-column-gap-default\">\n\t\t\t\t\t\t\t<div class=\"elementor-row\">\n\t\t\t\t\t<div class=\"elementor-column elementor-col-100 elementor-top-column elementor-element elementor-element-4cb1df7a\" data-id=\"4cb1df7a\" data-element_type=\"column\">\n\t\t\t<div class=\"elementor-column-wrap elementor-element-populated\">\n\t\t\t\t\t\t\t<div class=\"elementor-widget-wrap\">\n\t\t\t\t\t\t<div class=\"elementor-element elementor-element-5f7ae3d elementor-view-default elementor-position-top elementor-invisible elementor-widget elementor-widget-themo-header\" data-id=\"5f7ae3d\" data-element_type=\"widget\" data-settings=\"{&quot;_animation&quot;:&quot;fadeIn&quot;}\" data-widget_type=\"themo-header.default\">\n\t\t\t\t<div class=\"elementor-widget-container\">\n\t\t\t\t\t<div class=\"th-header-wrap\">\n        <div class=\"elementor-icon-box-wrapper \">\n                            <div class=\"elementor-icon-box-content\">\n                    <h1 class=\"elementor-icon-box-title\">\n                        Gastronomia                    <\/h1>\n                                        <p class=\"elementor-icon-box-description\">Gastronomia do Algarve<\/p>\n\n                                    <\/div>\n            <\/div>\n\n        <\/div>\n\n\t\t\t\t<\/div>\n\t\t\t\t<\/div>\n\t\t\t\t\t\t<\/div>\n\t\t\t\t\t<\/div>\n\t\t<\/div>\n\t\t\t\t\t\t\t\t<\/div>\n\t\t\t\t\t<\/div>\n\t\t<\/section>\n\t\t\t\t<section class=\"elementor-section elementor-top-section elementor-element elementor-element-178989d9 elementor-section-boxed elementor-section-height-default elementor-section-height-default\" data-id=\"178989d9\" data-element_type=\"section\">\n\t\t\t\t\t\t<div class=\"elementor-container elementor-column-gap-default\">\n\t\t\t\t\t\t\t<div class=\"elementor-row\">\n\t\t\t\t\t<div class=\"elementor-column elementor-col-100 elementor-top-column elementor-element elementor-element-2f9df1f1\" data-id=\"2f9df1f1\" data-element_type=\"column\">\n\t\t\t<div class=\"elementor-column-wrap elementor-element-populated\">\n\t\t\t\t\t\t\t<div class=\"elementor-widget-wrap\">\n\t\t\t\t\t\t<div class=\"elementor-element elementor-element-f415d19 elementor-view-default elementor-position-top elementor-widget elementor-widget-themo-header\" data-id=\"f415d19\" data-element_type=\"widget\" data-widget_type=\"themo-header.default\">\n\t\t\t\t<div class=\"elementor-widget-container\">\n\t\t\t\t\t<div class=\"th-header-wrap\">\n        <div class=\"elementor-icon-box-wrapper \">\n                            <div class=\"elementor-icon-box-content\">\n                    <h2 class=\"elementor-icon-box-title\">\n                        Gastronomia Rica                    <\/h2>\n                                            <span class=\"th-header-divider\"><\/span>\n                                        <p class=\"elementor-icon-box-description\"><\/p>\n\n                                    <\/div>\n            <\/div>\n\n        <\/div>\n\n\t\t\t\t<\/div>\n\t\t\t\t<\/div>\n\t\t\t\t<div class=\"elementor-element elementor-element-332ba9d elementor-widget elementor-widget-text-editor\" data-id=\"332ba9d\" data-element_type=\"widget\" data-widget_type=\"text-editor.default\">\n\t\t\t\t<div class=\"elementor-widget-container\">\n\t\t\t\t\t\t\t\t<div class=\"elementor-text-editor elementor-clearfix\">\n\t\t\t\t<p>A gastronomia algarvia remonta a tempos hist\u00f3ricos a presen\u00e7a romana e \u00e1rabe. Os ingredientes utilizados refletem os sabores frescos do mar e os aromas agrad\u00e1veis \u200b\u200be fortes do pa\u00eds.<\/p>\n<p><\/p>\n<p>O famoso &#8220;arroz com lingueir\u00e3o&#8221; de Faro, as belas sardinhas grelhadas em Portim\u00e3o e os &#8220;doces&#8221; de Dom Rodrigo de Lagos s\u00e3o deliciosos. A vila de Monchique destaca-se neste cap\u00edtulo por ser conhecida pela suinocultura. H\u00e1 uma variedade de salsichas feitas com carne de porco e presuntos. O Algarve tamb\u00e9m \u00e9 conhecido pela produ\u00e7\u00e3o de aguardentes e licores. Exemplos s\u00e3o o &#8220;Medronho&#8221; feito a partir de uma baga vermelha, o licor de am\u00eandoa e o licor de figo.<\/p>\n<p><strong>Abaixo est\u00e1 uma lista de alguns pratos t\u00edpicos:<\/strong><\/p>\n<ul>\n<li>Carapaus alimados<\/li>\n<li>Cataplana<\/li>\n<li>Perna de carneiro no tacho<\/li>\n<li>Carne de porco com am\u00eaijoas<\/li>\n<li>Papas de milho, mais conhecida como Xar\u00e9m<\/li>\n<li>Ervilhas com ovos \u00e0 Algarvia<\/li>\n<li>Perdiz estufada<\/li>\n<li>Coelho frito<\/li>\n<li>Raia Alhada<\/li>\n<li>Assadura \u00e0 Monchique<\/li>\n<li>Gaspacho<\/li>\n<li>Cozido de gr\u00e3o<\/li>\n<li>Lulas recheadas \u00e0 Algarvia<\/li>\n<li>Polvo no forno com entrecosto<\/li>\n<li>Bifes de atum de tomatada<\/li>\n<li>Favas \u00e0 moda do Algarve<\/li>\n<li>Canja com conquilhas<\/li>\n<li>Gaspacho de alho<\/li>\n<\/ul>\n<p><strong>\u00a0<\/strong><\/p>\n<p><strong>Doces:<\/strong><\/p>\n<ul>\n<li>Dom Rodrigos<\/li>\n<li>Colch\u00e3o de Noiva<\/li>\n<li>\u201cQueijos\u201d de Figo e am\u00eandoa<\/li>\n<li>\u201cGargantas\u201d de Freira<\/li>\n<li>Bolo Tacho<\/li>\n<li>Empanadilhas<\/li>\n<li>Filh\u00f3s<\/li>\n<li>Frutos\/animais de massa de am\u00eandoa<\/li>\n<li>Estrelas de figo e am\u00eandoa<\/li>\n<li>Folares<\/li>\n<li>Torta de Claras<\/li>\n<li>\u201cTutano\u201d<\/li>\n<\/ul>\n\t\t\t\t\t<\/div>\n\t\t\t\t\t\t<\/div>\n\t\t\t\t<\/div>\n\t\t\t\t<div class=\"elementor-element elementor-element-006b0a6 elementor-widget elementor-widget-spacer\" data-id=\"006b0a6\" data-element_type=\"widget\" data-widget_type=\"spacer.default\">\n\t\t\t\t<div class=\"elementor-widget-container\">\n\t\t\t\t\t<div class=\"elementor-spacer\">\n\t\t\t<div class=\"elementor-spacer-inner\"><\/div>\n\t\t<\/div>\n\t\t\t\t<\/div>\n\t\t\t\t<\/div>\n\t\t\t\t\t\t<\/div>\n\t\t\t\t\t<\/div>\n\t\t<\/div>\n\t\t\t\t\t\t\t\t<\/div>\n\t\t\t\t\t<\/div>\n\t\t<\/section>\n\t\t\t\t<section class=\"elementor-section elementor-top-section elementor-element elementor-element-26fdd7f2 elementor-section-boxed elementor-section-height-default elementor-section-height-default\" data-id=\"26fdd7f2\" data-element_type=\"section\" data-settings=\"{&quot;background_background&quot;:&quot;gradient&quot;}\">\n\t\t\t\t\t\t<div class=\"elementor-container elementor-column-gap-wider\">\n\t\t\t\t\t\t\t<div class=\"elementor-row\">\n\t\t\t\t\t<div class=\"elementor-column elementor-col-100 elementor-top-column elementor-element elementor-element-34bc764e\" data-id=\"34bc764e\" data-element_type=\"column\">\n\t\t\t<div class=\"elementor-column-wrap elementor-element-populated\">\n\t\t\t\t\t\t\t<div class=\"elementor-widget-wrap\">\n\t\t\t\t\t\t<div class=\"elementor-element elementor-element-aaf34be elementor-widget elementor-widget-themo-testimonial\" data-id=\"aaf34be\" data-element_type=\"widget\" data-widget_type=\"themo-testimonial.default\">\n\t\t\t\t<div class=\"elementor-widget-container\">\n\t\t\t        \n\t\t<div class=\"elementor-testimonial-wrapper th-testimonial-w th-txt-md elementor-testimonial-text-align-center\">\n\n            \n\t\t\t\t\t\t\t<div class=\"elementor-testimonial-content\">O apartamento era grande, muito limpo e tinha tudo o que precis\u00e1vamos para a nossa estadia. A equipe do hotel foi amig\u00e1vel, acolhedora e feliz em ajudar com quaisquer perguntas. A piscina \u00e9 excepcionalmente limpa e bem conservada com espregui\u00e7adeiras suficientes para dar a volta, embora eu imagine que poderia ser dif\u00edcil nos hor\u00e1rios de pico.<\/div>\n\t\t\t\n            <div class=\"th-star-rating th-star-40\">\n<span class=\"th-star-1 fa\"><\/span>\n<span class=\"th-star-2 fa\"><\/span>\n<span class=\"th-star-3 fa\"><\/span>\n<span class=\"th-star-4 fa\"><\/span>\n<span class=\"th-star-5 fa\"><\/span>\n<\/div>\n\t\t\t\n                    <div class=\"elementor-testimonial-meta\">\n\n\t\t\t\t<div class=\"elementor-testimonial-meta-inner\">\n                    \n\t\t\t\t\t\t\t\t\t\t<div class=\"elementor-testimonial-details\">\n\t\t\t\t\t\t\t\t\t\t\t\t\t<div class=\"elementor-testimonial-name\">1204dawn<\/div>\n\t\t\t\t\t\t\n\t\t\t\t\t\t\t\t\t\t\t<\/div>\n\t\t\t\t\t\t\t\t\t<\/div>\n\t\t\t<\/div>\n\t\t\t\t\t<\/div>\n\t\t\t<\/div>\n\t\t\t\t<\/div>\n\t\t\t\t\t\t<\/div>\n\t\t\t\t\t<\/div>\n\t\t<\/div>\n\t\t\t\t\t\t\t\t<\/div>\n\t\t\t\t\t<\/div>\n\t\t<\/section>\n\t\t\t\t<section class=\"elementor-section elementor-top-section elementor-element elementor-element-176d0273 elementor-section-boxed elementor-section-height-default elementor-section-height-default\" data-id=\"176d0273\" data-element_type=\"section\" data-settings=\"{&quot;background_background&quot;:&quot;classic&quot;}\">\n\t\t\t\t\t\t<div class=\"elementor-container elementor-column-gap-default\">\n\t\t\t\t\t\t\t<div class=\"elementor-row\">\n\t\t\t\t\t<div class=\"elementor-column elementor-col-100 elementor-top-column elementor-element elementor-element-a5bda55\" data-id=\"a5bda55\" data-element_type=\"column\">\n\t\t\t<div class=\"elementor-column-wrap elementor-element-populated\">\n\t\t\t\t\t\t\t<div class=\"elementor-widget-wrap\">\n\t\t\t\t\t\t<section class=\"elementor-section elementor-inner-section elementor-element elementor-element-36ec38a6 elementor-section-boxed elementor-section-height-default elementor-section-height-default\" data-id=\"36ec38a6\" data-element_type=\"section\">\n\t\t\t\t\t\t<div class=\"elementor-container elementor-column-gap-default\">\n\t\t\t\t\t\t\t<div class=\"elementor-row\">\n\t\t\t\t\t<div class=\"elementor-column elementor-col-100 elementor-inner-column elementor-element elementor-element-673010e6\" data-id=\"673010e6\" data-element_type=\"column\">\n\t\t\t<div class=\"elementor-column-wrap elementor-element-populated\">\n\t\t\t\t\t\t\t<div class=\"elementor-widget-wrap\">\n\t\t\t\t\t\t<div class=\"elementor-element elementor-element-861c527 elementor-widget elementor-widget-heading\" data-id=\"861c527\" data-element_type=\"widget\" data-widget_type=\"heading.default\">\n\t\t\t\t<div class=\"elementor-widget-container\">\n\t\t\t<h4 class=\"elementor-heading-title elementor-size-default\">Ver mais no tripadvisor<\/h4>\t\t<\/div>\n\t\t\t\t<\/div>\n\t\t\t\t<div class=\"elementor-element elementor-element-7e3e2792 elementor-widget elementor-widget-image\" data-id=\"7e3e2792\" data-element_type=\"widget\" data-widget_type=\"image.default\">\n\t\t\t\t<div class=\"elementor-widget-container\">\n\t\t\t\t\t\t\t\t<div class=\"elementor-image\">\n\t\t\t\t\t\t\t\t\t\t\t\t\t<a href=\"https:\/\/www.tripadvisor.pt\/Hotel_Review-g642199-d499071-Reviews-Alvorferias_Club-Alvor_Portimao_Faro_District_Algarve.html\">\n\t\t\t\t\t\t\t<img data-rjs=\"2\" width=\"150\" height=\"80\" src=\"https:\/\/www.alvorferias.com\/wp-content\/uploads\/2017\/12\/brands-tripadvisor-70-1.png\" class=\"attachment-th_img_xs size-th_img_xs wp-image-1015\" alt=\"\" loading=\"lazy\" \/>\t\t\t\t\t\t\t\t<\/a>\n\t\t\t\t\t\t\t\t\t\t\t\t\t\t<\/div>\n\t\t\t\t\t\t<\/div>\n\t\t\t\t<\/div>\n\t\t\t\t\t\t<\/div>\n\t\t\t\t\t<\/div>\n\t\t<\/div>\n\t\t\t\t\t\t\t\t<\/div>\n\t\t\t\t\t<\/div>\n\t\t<\/section>\n\t\t\t\t\t\t<\/div>\n\t\t\t\t\t<\/div>\n\t\t<\/div>\n\t\t\t\t\t\t\t\t<\/div>\n\t\t\t\t\t<\/div>\n\t\t<\/section>\n\t\t\t\t<section class=\"elementor-section elementor-top-section elementor-element elementor-element-18ae0b1e elementor-section-boxed elementor-section-height-default elementor-section-height-default\" data-id=\"18ae0b1e\" data-element_type=\"section\">\n\t\t\t\t\t\t<div class=\"elementor-container elementor-column-gap-default\">\n\t\t\t\t\t\t\t<div class=\"elementor-row\">\n\t\t\t\t\t<div class=\"elementor-column elementor-col-100 elementor-top-column elementor-element elementor-element-4b337875\" data-id=\"4b337875\" data-element_type=\"column\">\n\t\t\t<div class=\"elementor-column-wrap elementor-element-populated\">\n\t\t\t\t\t\t\t<div class=\"elementor-widget-wrap\">\n\t\t\t\t\t\t<div class=\"elementor-element elementor-element-6c01981d elementor-widget elementor-widget-heading\" data-id=\"6c01981d\" data-element_type=\"widget\" data-widget_type=\"heading.default\">\n\t\t\t\t<div class=\"elementor-widget-container\">\n\t\t\t<h2 class=\"elementor-heading-title elementor-size-default\">A NOSSA <span style=\"color:#2c9bd8;\">LOCALIZA\u00c7\u00c3O<\/span><\/h2>\t\t<\/div>\n\t\t\t\t<\/div>\n\t\t\t\t\t\t<\/div>\n\t\t\t\t\t<\/div>\n\t\t<\/div>\n\t\t\t\t\t\t\t\t<\/div>\n\t\t\t\t\t<\/div>\n\t\t<\/section>\n\t\t\t\t<section class=\"elementor-section elementor-top-section elementor-element elementor-element-1b47c23e elementor-section-boxed elementor-section-height-default elementor-section-height-default\" data-id=\"1b47c23e\" data-element_type=\"section\">\n\t\t\t\t\t\t<div class=\"elementor-container elementor-column-gap-default\">\n\t\t\t\t\t\t\t<div class=\"elementor-row\">\n\t\t\t\t\t<div class=\"elementor-column elementor-col-100 elementor-top-column elementor-element elementor-element-615167e9\" data-id=\"615167e9\" data-element_type=\"column\">\n\t\t\t<div class=\"elementor-column-wrap elementor-element-populated\">\n\t\t\t\t\t\t\t<div class=\"elementor-widget-wrap\">\n\t\t\t\t\t\t<div class=\"elementor-element elementor-element-7a02e4e6 elementor-widget elementor-widget-google_maps\" data-id=\"7a02e4e6\" data-element_type=\"widget\" data-widget_type=\"google_maps.default\">\n\t\t\t\t<div class=\"elementor-widget-container\">\n\t\t\t\t\t<div class=\"elementor-custom-embed\">\n\t\t\t<iframe loading=\"lazy\"\n\t\t\t\t\tsrc=\"https:\/\/maps.google.com\/maps?q=Clube%20Alvorf%C3%A9rias%20-%20Apartamentos%20Tur%C3%ADsticos&#038;t=m&#038;z=12&#038;output=embed&#038;iwloc=near\"\n\t\t\t\t\ttitle=\"Clube Alvorf\u00e9rias - Apartamentos Tur\u00edsticos\"\n\t\t\t\t\taria-label=\"Clube Alvorf\u00e9rias - Apartamentos Tur\u00edsticos\"\n\t\t\t><\/iframe>\n\t\t<\/div>\n\t\t\t\t<\/div>\n\t\t\t\t<\/div>\n\t\t\t\t\t\t<\/div>\n\t\t\t\t\t<\/div>\n\t\t<\/div>\n\t\t\t\t\t\t\t\t<\/div>\n\t\t\t\t\t<\/div>\n\t\t<\/section>\n\t\t\t\t\t\t\t\t\t<\/div>\n\t\t\t<\/div>\n\t\t\t\t\t<\/div>\n\t\t","protected":false},"excerpt":{"rendered":"<p>Gastronomia Gastronomia do Algarve Gastronomia Rica A gastronomia algarvia remonta a tempos hist\u00f3ricos a presen\u00e7a romana e \u00e1rabe. Os ingredientes utilizados refletem os sabores frescos do mar e os aromas agrad\u00e1veis \u200b\u200be fortes do pa\u00eds. O famoso &#8220;arroz com lingueir\u00e3o&#8221; &hellip; <a href=\"https:\/\/www.alvorferias.com\/pt-pt\/alvorferias-gastronomia\/\">Read More<\/a><\/p>\n","protected":false},"author":1,"featured_media":0,"parent":0,"menu_order":5,"comment_status":"closed","ping_status":"closed","template":"","meta":[],"_links":{"self":[{"href":"https:\/\/www.alvorferias.com\/pt-pt\/wp-json\/wp\/v2\/pages\/1203"}],"collection":[{"href":"https:\/\/www.alvorferias.com\/pt-pt\/wp-json\/wp\/v2\/pages"}],"about":[{"href":"https:\/\/www.alvorferias.com\/pt-pt\/wp-json\/wp\/v2\/types\/page"}],"author":[{"embeddable":true,"href":"https:\/\/www.alvorferias.com\/pt-pt\/wp-json\/wp\/v2\/users\/1"}],"replies":[{"embeddable":true,"href":"https:\/\/www.alvorferias.com\/pt-pt\/wp-json\/wp\/v2\/comments?post=1203"}],"version-history":[{"count":2,"href":"https:\/\/www.alvorferias.com\/pt-pt\/wp-json\/wp\/v2\/pages\/1203\/revisions"}],"predecessor-version":[{"id":1240,"href":"https:\/\/www.alvorferias.com\/pt-pt\/wp-json\/wp\/v2\/pages\/1203\/revisions\/1240"}],"wp:attachment":[{"href":"https:\/\/www.alvorferias.com\/pt-pt\/wp-json\/wp\/v2\/media?parent=1203"}],"curies":[{"name":"wp","href":"https:\/\/api.w.org\/{rel}","templated":true}]}}